{"id":11490,"date":"2025-05-05T12:08:00","date_gmt":"2025-05-05T09:08:00","guid":{"rendered":"https:\/\/dijitalai.com.tr\/?page_id=11490"},"modified":"2025-05-05T12:08:28","modified_gmt":"2025-05-05T09:08:28","slug":"cerez-politikasi","status":"publish","type":"page","link":"https:\/\/dijitalai.com.tr\/en\/cerez-politikasi\/","title":{"rendered":"Cookie Policy"},"content":{"rendered":"<div data-elementor-type=\"wp-page\" data-elementor-id=\"11490\" class=\"elementor elementor-11490\" data-elementor-post-type=\"page\">\n\t\t\t\t<div class=\"elementor-element elementor-element-373f686e e-flex e-con-boxed e-con e-parent\" data-id=\"373f686e\" data-element_type=\"container\">\n\t\t\t\t\t<div class=\"e-con-inner\">\n\t\t\t\t<div class=\"elementor-element elementor-element-8586a7 elementor-widget elementor-widget-text-editor\" data-id=\"8586a7\" data-element_type=\"widget\" data-widget_type=\"text-editor.default\">\n\t\t\t\t<div class=\"elementor-widget-container\">\n\t\t\t\t\t\t\t\t\t<div id=\"main\" class=\"sidebar-none sidebar-divider-vertical\" data-rocket-location-hash=\"bbb6a3c87e456e272adf4d1cd778ca4e\"><div class=\"wf-wrap\" data-rocket-location-hash=\"a18d64eff6b26cfbc18ec3f788fcc28b\"><div class=\"wf-container-main\"><div id=\"content\" class=\"content\" role=\"main\"><div class=\"wpb-content-wrapper\"><div class=\"vc_row wpb_row vc_row-fluid\"><div class=\"wpb_column vc_column_container vc_col-sm-12\"><div class=\"vc_column-inner\"><div class=\"wpb_wrapper\"><div class=\"wpb_text_column wpb_content_element\"><div class=\"wpb_wrapper\"><section class=\"main\"><div class=\"container\"><div class=\"row\"><div class=\"row\"><div class=\"col-md-7\"><p>Dijital \u0130z Dijital \u0130z Reklam ve Yaz\u0131l\u0131m Anonim \u015eirketi<\/p><p>Dijital \u0130z uses cookies to provide you with more preferential and intelligent options. Without using cookies, it is not possible for us to keep all the functions of our website active and for you to benefit from them. By accepting our cookie policy, you are deemed to have accepted all the following points.<\/p><p>\u00a0<\/p><h3><strong>What is a Cookie?<\/strong><\/h3><p>Cookies are small text files or information that web pages (web server) save on your computer or mobile device (such as smartphone or tablet) via browsers during a visit to a web page.<\/p><p>\u00a0<\/p><h3><strong>Why do we use cookies?<\/strong><\/h3><p>Use of cookies;<\/p><ul><li>Proper functioning of the web page,<\/li><li>The next entry to the web page is faster and easier,<\/li><li>Facilitating user access to some features,<\/li><li>Interest-based ad serving,<\/li><li>Ease of access by saving your password upon request<\/li><li>Obtaining analytical data in terms of web page<\/li><\/ul><p>We use cookies for such reasons. In particular, obtaining information on how often, for how long and which pages users enter the web pages is important for the owners of the web page as well as guiding our strategic planning.<\/p><p>\u00a0<\/p><h3><strong>How do cookies work?<\/strong><\/h3><p>When the user enters a web page, he\/she requests the server to display the site (HTTP request), and in response to this request, the server sends the site to the user (HTTP response). From the stage of displaying the web page in response to the request and the request, it is possible to use the site with cookies.<\/p><p>\u00a0<\/p><h3><strong>What are the types of cookies we use?<\/strong><\/h3><p>As can be seen from the table below, we use many types of cookies to provide a better experience for our users. While using these types of cookies, we also make use of many online tools.<\/p><p>\u00a0<\/p><table class=\"table table-bordered\"><tbody><tr><td><strong>Cookie Type<\/strong><\/td><td><strong>Function of the Cookie<\/strong><\/td><td><strong>Explanation of the Cookie in terms of Data<\/strong><\/td><\/tr><tr><td><strong>Mandatory<\/strong><\/td><td>These cookies are necessary for the proper functioning of Dijital \u0130z, they allow you to navigate our sites and benefit from site features. An example of this is remembering previous actions when returning to a page within the same session (e.g. text entry).<\/td><td><p>These cookies do not identify you.\u00a0<\/p><p>If you do not accept these cookies, the performance of the website or parts of it may be affected.<\/p><\/td><\/tr><tr><td><strong>Performance<\/strong><\/td><td>These cookies help us understand how visitors interact with our website by providing information about the areas visited, the time spent on the site and problems such as error messages encountered. This allows us to improve the performance of our website.<\/td><td>These cookies do not identify you. All data is received and aggregated anonymously.<\/td><\/tr><tr><td><strong>Functionality<\/strong><\/td><td>These cookies enable our websites to remember your preferences (e.g. your username, the region you are in or the language you use) for a more personalised online experience. Cookies also enable visitors to watch videos, play games and use social tools such as blogs, chat rooms and forums.<\/td><td><p>The information these cookies collect may include confidential data that can identify you, such as your username or profile picture. We must always be transparent about what data we collect, what we do with that data, and with whom we share that data.\u00a0<\/p><p>If you do not accept these cookies, the performance and functionality of the website may be affected and some content on the website may not be accessible.<\/p><\/td><\/tr><tr><td><strong>Targeting \/ Advertising<\/strong><\/td><td>These cookies are used to deliver content that is close to you and your interests. They may be used to serve targeted adverts or to limit the number of times an advert is displayed to you. We may use these cookies to remember the websites you visit and share this information with third parties, including advertisers and our own companies.<\/td><td>Many types of these cookies may collect identifying information by tracking consumers by their IP addresses. For detailed information about the information collected and how this information is used, you can visit the Targeting \/ Advertising section below.<\/td><\/tr><\/tbody><\/table><p>\u00a0<\/p><h3><strong>What Should You Know About Cookie Policy?<\/strong><\/h3><p>As Dijital \u0130z, we may make changes to this cookie policy at any time. If we make concrete changes to the cookie policy, we will notify you on your first visit to our site after the publication of the updated Cookie Policy.<\/p><p><strong>Can Cookies be Blocked?<\/strong><\/p><p>To change your preferences regarding the use of cookies or to block or delete cookies, simply change your browser settings. We would like to point out that if you disable or reject cookies, some features and services on our websites will not function properly as we will not be able to recognise and associate your account(s).<\/p><p>\u00a0<\/p><h4>To Switch Off Cookies;<\/h4><p>In Chrome, you can use the \"Settings\/Privacy\/Content Settings\/Turn off the use of cookies\" option in your browser settings.<\/p><p>For Internet Explorer users, you can use the \"Options\/Internet Settings\/Privacy\/Settings\" options.<\/p><p>For Firefox users, you can use the \"Tools \/ Options \/ Privacy \/ Cookie acceptance method \/ Until Firefox is closed\" options.<\/p><p>\u00a0<\/p><h3><strong>Contact<\/strong><\/h3><p>If you have any questions regarding the Cookie Policy, please contact us at the address below.<\/p><p>Please note that our e-mail communications are not always secure, so please make sure that the e-mails you send do not contain your credit card details or other private information.<\/p><p>E-Mail: info@dijitaliz.com.tr<\/p><\/div><\/div><\/div><\/div><\/section><\/div><\/div><\/div><\/div><\/div><\/div><\/div><\/div><\/div><\/div><\/div>\t\t\t\t\t\t\t\t<\/div>\n\t\t\t\t<\/div>\n\t\t\t\t\t<\/div>\n\t\t\t\t<\/div>\n\t\t\t\t<\/div>","protected":false},"excerpt":{"rendered":"<p>Dijital \u0130z: Dijital \u0130z Reklam ve Yaz\u0131l\u0131m Anonim \u015eirketi Dijital \u0130z size daha tercihe dayal\u0131 ve ak\u0131ll\u0131 se\u00e7enekler sunmak i\u00e7in \u00e7erezlerden yararlanmaktad\u0131r. \u00c7erez kullanmaks\u0131z\u0131n web sayfam\u0131z\u0131n t\u00fcm i\u015flevlerini etkin tutmam\u0131z ve sizin bunlardan yararlanman\u0131z m\u00fcmk\u00fcn olmamaktad\u0131r. \u00c7erez politikam\u0131z\u0131 kabul ederek a\u015fa\u011f\u0131daki t\u00fcm hususlar\u0131 da kabul etmi\u015f say\u0131l\u0131rs\u0131n\u0131z. \u00a0 \u00c7erez Nedir? Bir web sayfas\u0131n\u0131n ziyareti s\u0131ras\u0131nda&hellip;<\/p>","protected":false},"author":1,"featured_media":0,"parent":0,"menu_order":0,"comment_status":"closed","ping_status":"closed","template":"","meta":{"footnotes":""},"class_list":["post-11490","page","type-page","status-publish","hentry"],"_links":{"self":[{"href":"https:\/\/dijitalai.com.tr\/en\/wp-json\/wp\/v2\/pages\/11490","targetHints":{"allow":["GET"]}}],"collection":[{"href":"https:\/\/dijitalai.com.tr\/en\/wp-json\/wp\/v2\/pages"}],"about":[{"href":"https:\/\/dijitalai.com.tr\/en\/wp-json\/wp\/v2\/types\/page"}],"author":[{"embeddable":true,"href":"https:\/\/dijitalai.com.tr\/en\/wp-json\/wp\/v2\/users\/1"}],"replies":[{"embeddable":true,"href":"https:\/\/dijitalai.com.tr\/en\/wp-json\/wp\/v2\/comments?post=11490"}],"version-history":[{"count":0,"href":"https:\/\/dijitalai.com.tr\/en\/wp-json\/wp\/v2\/pages\/11490\/revisions"}],"wp:attachment":[{"href":"https:\/\/dijitalai.com.tr\/en\/wp-json\/wp\/v2\/media?parent=11490"}],"curies":[{"name":"wp","href":"https:\/\/api.w.org\/{rel}","templated":true}]}}